{"id":278,"date":"2019-01-14T08:53:19","date_gmt":"2019-01-14T08:53:19","guid":{"rendered":"http:\/\/ib-idkn.de\/?page_id=278"},"modified":"2022-07-27T10:25:41","modified_gmt":"2022-07-27T10:25:41","slug":"kontakt","status":"publish","type":"page","link":"https:\/\/ib-idkn.de\/?page_id=278","title":{"rendered":"Kontakt"},"content":{"rendered":"\n<h2>Kontaktinfo<\/h2>\n\n\n\n<p>Ingenieurb\u00fcro f\u00fcr Daten und Kommunikationsnetzwerke UG (haftungsbeschr\u00e4nkt)<br>Bahnhofsallee 15<br>96528 Frankenblick OT Mengersgereuth-H\u00e4mmern<br>E-Mail : info@ib-idkn.de<br>Telefon: +49 (0) 3675 \/ 42 98 840<br><\/p>\n","protected":false},"excerpt":{"rendered":"<p>Kontaktinfo Ingenieurb\u00fcro f\u00fcr Daten und Kommunikationsnetzwerke UG (haftungsbeschr\u00e4nkt)Bahnhofsallee 1596528 Frankenblick OT Mengersgereuth-H\u00e4mmernE-Mail : info@ib-idkn.deTelefon: +49 (0) 3675 \/ 42 98 840<\/p>\n","protected":false},"author":1,"featured_media":0,"parent":0,"menu_order":0,"comment_status":"closed","ping_status":"closed","template":"","meta":[],"_links":{"self":[{"href":"https:\/\/ib-idkn.de\/index.php?rest_route=\/wp\/v2\/pages\/278"}],"collection":[{"href":"https:\/\/ib-idkn.de\/index.php?rest_route=\/wp\/v2\/pages"}],"about":[{"href":"https:\/\/ib-idkn.de\/index.php?rest_route=\/wp\/v2\/types\/page"}],"author":[{"embeddable":true,"href":"https:\/\/ib-idkn.de\/index.php?rest_route=\/wp\/v2\/users\/1"}],"replies":[{"embeddable":true,"href":"https:\/\/ib-idkn.de\/index.php?rest_route=%2Fwp%2Fv2%2Fcomments&post=278"}],"version-history":[{"count":17,"href":"https:\/\/ib-idkn.de\/index.php?rest_route=\/wp\/v2\/pages\/278\/revisions"}],"predecessor-version":[{"id":381,"href":"https:\/\/ib-idkn.de\/index.php?rest_route=\/wp\/v2\/pages\/278\/revisions\/381"}],"wp:attachment":[{"href":"https:\/\/ib-idkn.de\/index.php?rest_route=%2Fwp%2Fv2%2Fmedia&parent=278"}],"curies":[{"name":"wp","href":"https:\/\/api.w.org\/{rel}","templated":true}]}}