{"id":213,"date":"2019-01-09T12:49:30","date_gmt":"2019-01-09T12:49:30","guid":{"rendered":"http:\/\/ib-idkn.de\/?page_id=213"},"modified":"2025-01-29T10:28:05","modified_gmt":"2025-01-29T10:28:05","slug":"kommunikationsregeln","status":"publish","type":"page","link":"https:\/\/ib-idkn.de\/?page_id=213","title":{"rendered":"Kommunikationsregeln"},"content":{"rendered":"\n<p>Die \u00dcbermittlung von elektronischen Dokumenten \u00fcber das Internet an die Ingenieurb\u00fcro f\u00fcr Daten- und Kommunikationsnetzwerke UG (haftungsbeschr\u00e4nkt) ist nur unter folgenden Voraussetzungen zul\u00e4ssig:<\/p>\n\n\n\n<p>Zug\u00e4nge im Sinne dieser Zugangser\u00f6ffnung sind die in der Internetpr\u00e4sentation sowie auf Gesch\u00e4ftspapieren der Ingenieurb\u00fcro f\u00fcr Daten- und Kommunikationsnetzwerke UG (haftungsbeschr\u00e4nkt) &nbsp;ver\u00f6ffentlichten E-Mail-Adressen.<\/p>\n\n\n\n<p>Die Ingenieurb\u00fcro f\u00fcr Daten- und Kommunikationsnetzwerke UG (haftungsbeschr\u00e4nkt) nimmt im Rahmen der elektronischen Kommunikation Dokumente in folgenden Dateiformaten entgegen:<\/p>\n\n\n\n<p>&nbsp;&nbsp;&nbsp; Adobe Acrobat ab\nVersion 8.0 (.pdf)<\/p>\n\n\n\n<p>&nbsp;&nbsp;&nbsp; Rich Text Format\n(.rtf)<\/p>\n\n\n\n<p>&nbsp;&nbsp;&nbsp; Microsoft Word ab\nVersion 97 (.doc)<\/p>\n\n\n\n<p>&nbsp;&nbsp;&nbsp; Microsoft Excel ab\nVersion 97 (.xls)<\/p>\n\n\n\n<p>&nbsp;&nbsp;&nbsp; Text-Formate\n(.txt)<\/p>\n\n\n\n<p>&nbsp;&nbsp;&nbsp; Autocad Format\n(.dwg, .dxf)<\/p>\n\n\n\n<p>&nbsp;&nbsp;&nbsp; Grafikformate:\n.jpg \/ .jpeg \/ .gif \/ .bmp \/ .tiff<\/p>\n\n\n\n<p>&nbsp;&nbsp;&nbsp; Komprimierte,\nnicht selbstentpackende Dateien (.zip\/.rar)<\/p>\n\n\n\n<p>In allen zul\u00e4ssigen Formaten d\u00fcrfen keine automatisierten\nAbl\u00e4ufe oder Programmierungen (so genannte Makros) verwendet werden.<\/p>\n\n\n\n<p>Die Gesamtgr\u00f6\u00dfe einer E-Mail incl. aller Anh\u00e4nge (Attachments)\nist auf eine Gr\u00f6\u00dfe von<\/p>\n\n\n\n<p>20 Megabyte (MB) beschr\u00e4nkt.<\/p>\n\n\n\n<p>In E-Mails mit ausf\u00fchrbaren Dateien (z.B. *.exe, *.bat),\nwerden diese Anh\u00e4nge ungelesen gel\u00f6scht.<\/p>\n\n\n\n<p>Es wird das Einverst\u00e4ndnis vorausgesetzt, dass E-Mails auf\nViren und Spam \u00fcberpr\u00fcft werden.<\/p>\n\n\n\n<p>E-Mails, die als Viren oder Spam klassifiziert worden sind,\nwerden ungelesen gel\u00f6scht und nicht weiter bearbeitet.<\/p>\n\n\n\n<p>Sofern eine E-Mail nicht verarbeitet wird (Viren, Spam,\ntechnische Probleme), erfolgt keine elektronische R\u00fcckinformation an den\nAbsender. Es ist Angelegenheit des Absenders, bei Bedarf eine Best\u00e4tigung des\nkorrekten E-Mail-Eingangs einzuholen.<\/p>\n\n\n\n<p>Unterlagen mit steuerrechtsrelevanten Inhalten, wie\nAuftragsbest\u00e4tigungen, Lieferscheine, Rechnungen, Stornierungen, Gutschriften,<\/p>\n\n\n\n<p>werden ausschlie\u00dflich an der E-Mail-Adresse <a href=\"mailto:rechnung@idkn.de\" data-type=\"mailto\">rechnung@idkn.de<\/a><a href=\"mailto:rechnung@ib-idkn.de\" data-type=\"mailto\" data-id=\"mailto:rechnung@ib-idkn.de\"> <\/a>entgegen genommen.<\/p>\n\n\n\n<p>Bei Schriftverkehr, der nach geltendem Recht der Schriftform\nbedarf, ist bis auf weiteres keine elektronische \u00dcbertragungsform zugelassen.<\/p>\n\n\n\n<p>Aus technischen und organisatorischen Gr\u00fcnden werden bis auf\nWiderruf keine E-Mails mit qualifizierter elektronischer Signatur entgegen\ngenommen. Ausnahmen sind individuell im Vorfeld abzustimmen.<\/p>\n","protected":false},"excerpt":{"rendered":"<p>Die \u00dcbermittlung von elektronischen Dokumenten \u00fcber das Internet an die Ingenieurb\u00fcro f\u00fcr Daten- und Kommunikationsnetzwerke UG (haftungsbeschr\u00e4nkt) ist nur unter folgenden Voraussetzungen zul\u00e4ssig: Zug\u00e4nge im Sinne dieser Zugangser\u00f6ffnung sind die in der Internetpr\u00e4sentation sowie auf Gesch\u00e4ftspapieren der Ingenieurb\u00fcro f\u00fcr Daten- und Kommunikationsnetzwerke UG (haftungsbeschr\u00e4nkt) &nbsp;ver\u00f6ffentlichten E-Mail-Adressen. Die Ingenieurb\u00fcro f\u00fcr Daten- und Kommunikationsnetzwerke UG (haftungsbeschr\u00e4nkt) nimmt &hellip;<\/p>\n<p class=\"read-more\"> <a class=\"\" href=\"https:\/\/ib-idkn.de\/?page_id=213\"> <span class=\"screen-reader-text\">Kommunikationsregeln<\/span> Weiterlesen &raquo;<\/a><\/p>\n","protected":false},"author":1,"featured_media":0,"parent":0,"menu_order":0,"comment_status":"closed","ping_status":"closed","template":"","meta":[],"_links":{"self":[{"href":"https:\/\/ib-idkn.de\/index.php?rest_route=\/wp\/v2\/pages\/213"}],"collection":[{"href":"https:\/\/ib-idkn.de\/index.php?rest_route=\/wp\/v2\/pages"}],"about":[{"href":"https:\/\/ib-idkn.de\/index.php?rest_route=\/wp\/v2\/types\/page"}],"author":[{"embeddable":true,"href":"https:\/\/ib-idkn.de\/index.php?rest_route=\/wp\/v2\/users\/1"}],"replies":[{"embeddable":true,"href":"https:\/\/ib-idkn.de\/index.php?rest_route=%2Fwp%2Fv2%2Fcomments&post=213"}],"version-history":[{"count":7,"href":"https:\/\/ib-idkn.de\/index.php?rest_route=\/wp\/v2\/pages\/213\/revisions"}],"predecessor-version":[{"id":388,"href":"https:\/\/ib-idkn.de\/index.php?rest_route=\/wp\/v2\/pages\/213\/revisions\/388"}],"wp:attachment":[{"href":"https:\/\/ib-idkn.de\/index.php?rest_route=%2Fwp%2Fv2%2Fmedia&parent=213"}],"curies":[{"name":"wp","href":"https:\/\/api.w.org\/{rel}","templated":true}]}}