{"id":205,"date":"2019-01-09T12:45:20","date_gmt":"2019-01-09T12:45:20","guid":{"rendered":"http:\/\/ib-idkn.de\/?page_id=205"},"modified":"2020-01-13T10:28:07","modified_gmt":"2020-01-13T10:28:07","slug":"impressum","status":"publish","type":"page","link":"http:\/\/ib-idkn.de\/?page_id=205","title":{"rendered":"Impressum"},"content":{"rendered":"\n<h1><strong>Angaben gem\u00e4\u00df \u00a7 5 TMG<\/strong><\/h1>\n\n\n\n<p><strong>Ingenieurb\u00fcro f\u00fcr Daten- und Kommunikationsnetzwerke UG (haftungsbeschr\u00e4nkt)<br><\/strong>Bahnhofsallee 15<br>96528 Frankenblick OT Mengersgereuth-H\u00e4mmern<\/p>\n\n\n\n<h1>Vertreten durch:<\/h1>\n\n\n\n<p>Andreas Vogel, Mario Recknagel<br><br><\/p>\n\n\n\n<h1>Kontakt<\/h1>\n\n\n\n<table class=\"wp-block-table\"><tbody><tr><td>Telefon:<\/td><td>03675 \/ 42 98 840<\/td><\/tr><tr><td>Telefax:<\/td><td>03675 \/ 42 98 841<\/td><\/tr><tr><td>E-Mail:<\/td><td>info@ib-idkn.de<\/td><\/tr><\/tbody><\/table>\n","protected":false},"excerpt":{"rendered":"<p>Angaben gem\u00e4\u00df \u00a7 5 TMG Ingenieurb\u00fcro f\u00fcr Daten- und Kommunikationsnetzwerke UG (haftungsbeschr\u00e4nkt)Bahnhofsallee 1596528 Frankenblick OT Mengersgereuth-H\u00e4mmern Vertreten durch: Andreas Vogel, Mario Recknagel Kontakt Telefon: 03675 \/ 42 98 840 Telefax: 03675 \/ 42 98 841 E-Mail: info@ib-idkn.de<\/p>\n","protected":false},"author":1,"featured_media":0,"parent":0,"menu_order":0,"comment_status":"closed","ping_status":"closed","template":"","meta":[],"_links":{"self":[{"href":"http:\/\/ib-idkn.de\/index.php?rest_route=\/wp\/v2\/pages\/205"}],"collection":[{"href":"http:\/\/ib-idkn.de\/index.php?rest_route=\/wp\/v2\/pages"}],"about":[{"href":"http:\/\/ib-idkn.de\/index.php?rest_route=\/wp\/v2\/types\/page"}],"author":[{"embeddable":true,"href":"http:\/\/ib-idkn.de\/index.php?rest_route=\/wp\/v2\/users\/1"}],"replies":[{"embeddable":true,"href":"http:\/\/ib-idkn.de\/index.php?rest_route=%2Fwp%2Fv2%2Fcomments&post=205"}],"version-history":[{"count":6,"href":"http:\/\/ib-idkn.de\/index.php?rest_route=\/wp\/v2\/pages\/205\/revisions"}],"predecessor-version":[{"id":372,"href":"http:\/\/ib-idkn.de\/index.php?rest_route=\/wp\/v2\/pages\/205\/revisions\/372"}],"wp:attachment":[{"href":"http:\/\/ib-idkn.de\/index.php?rest_route=%2Fwp%2Fv2%2Fmedia&parent=205"}],"curies":[{"name":"wp","href":"https:\/\/api.w.org\/{rel}","templated":true}]}}